{"id":183794,"date":"2026-03-17T18:42:35","date_gmt":"2026-03-17T17:42:35","guid":{"rendered":"https:\/\/www.brandit-protection.com\/shop\/phone-case-chameleon-tough-hard-case-pc-plastic-tpu-silicone-matt-or-glossy\/"},"modified":"2026-03-17T19:39:44","modified_gmt":"2026-03-17T18:39:44","slug":"coque-de-telephone-chameleon-tough-hard-case-pc-tpu-silicone-mat-ou-brillant","status":"publish","type":"product","link":"https:\/\/www.brandit-protection.com\/fr\/boutique\/coque-de-telephone-chameleon-tough-hard-case-pc-tpu-silicone-mat-ou-brillant\/","title":{"rendered":"Coque de t\u00e9l\u00e9phone Tough Hard Case PC\/TPU Silicone mat ou brillant"},"content":{"rendered":"","protected":false},"excerpt":{"rendered":"Le Chameleon Tough Hard Case offre une protection maximale ainsi que de nombreuses possibilit\u00e9s de personnalisation pour votre smartphone. Sa coque rigide en polycarbonate (PC), associ\u00e9e \u00e0 un bumper absorbant en silicone TPU, garantit une protection fiable contre les chutes, les rayures et l\u2019usure quotidienne. Gr\u00e2ce \u00e0 sa surface d\u2019impression 3D enti\u00e8rement couvrante, qui s\u2019\u00e9tend sur les bords et les coins, cette coque permet de cr\u00e9er un design vraiment unique, id\u00e9al pour des visuels personnalis\u00e9s, des logos de marque ou des cr\u00e9ations originales. L\u2019impression de haute qualit\u00e9 par sublimation assure des couleurs \u00e9clatantes, durables et des graphismes nets (de l\u00e9g\u00e8res variations par rapport aux couleurs Pantone peuvent survenir).","protected":false},"featured_media":183726,"template":"","meta":{"_kad_blocks_custom_css":"","_kad_blocks_head_custom_js":"","_kad_blocks_body_custom_js":"","_kad_blocks_footer_custom_js":""},"product_brand":[],"product_cat":[925,3374,3372,3380,3378,3716,3715,3865,3864,1448,2924,2929,2930,2931,3210,3211,3212,3213,3469,3466,3467,3468,3783,3781,3782,3784,3863,3861,3862,1578],"product_tag":[1554,1689,3871],"product_faqs":[],"class_list":{"0":"post-183794","1":"product","2":"type-product","3":"status-publish","4":"has-post-thumbnail","6":"product_cat-apple-fr","7":"product_cat-galaxy-s23-fr-2","8":"product_cat-galaxy-s23-fr","9":"product_cat-galaxy-s24-fr-2","10":"product_cat-galaxy-s24-fr","11":"product_cat-galaxy-s25-fr-2","12":"product_cat-galaxy-s25-fr","13":"product_cat-galaxy-s26-2","14":"product_cat-galaxy-s26","15":"product_cat-google-fr","16":"product_cat-iphone-14-fr","17":"product_cat-iphone-14-plus-fr","18":"product_cat-iphone-14-pro-fr","19":"product_cat-iphone-14-pro-max-fr","20":"product_cat-iphone-15-fr","21":"product_cat-iphone-15-plus-fr","22":"product_cat-iphone-15-pro-fr","23":"product_cat-iphone-15-pro-max-fr","24":"product_cat-iphone-16-fr","25":"product_cat-iphone-16-plus-fr","26":"product_cat-iphone-16-pro-fr","27":"product_cat-iphone-16-pro-max-fr","28":"product_cat-iphone-17-fr","29":"product_cat-iphone-17-pro-fr","30":"product_cat-iphone-17-pro-max-fr","31":"product_cat-iphone-air-fr","32":"product_cat-pixel-10-10-pro-2025","33":"product_cat-pixel-8-2023","34":"product_cat-pixel-9-2024","35":"product_cat-samsung-fr","36":"product_tag-outdoor-fr","37":"product_tag-portable","38":"product_tag-tough-case","39":"pa_model-galaxy-s23-fr","40":"pa_model-galaxy-s23-plus-fr","41":"pa_model-galaxy-s24-fr-2","42":"pa_model-galaxy-s24-fr","43":"pa_model-galaxy-s25-fr-2","44":"pa_model-galaxy-s25-fr","45":"pa_model-galaxy-s26-2","46":"pa_model-galaxy-s26","47":"pa_model-google-pixel-10-10-pro-2025","48":"pa_model-google-pixel-8-2023","49":"pa_model-google-pixel-9-2024","50":"pa_model-iphone-14-fr","51":"pa_model-iphone-14-plus-fr","52":"pa_model-iphone-14-pro-fr","53":"pa_model-iphone-14-pro-max-fr","54":"pa_model-iphone-15-fr","55":"pa_model-iphone-15-plus-fr","56":"pa_model-iphone-15-pro-fr","57":"pa_model-iphone-15-pro-max-fr","58":"pa_model-iphone-16-fr","59":"pa_model-iphone-16-plus-fr","60":"pa_model-iphone-16-pro-fr","61":"pa_model-iphone-16-pro-max-fr","62":"pa_model-iphone-17-fr","63":"pa_model-iphone-17-pro-fr","64":"pa_model-iphone-17-pro-max-fr","65":"pa_model-iphone-air-fr","66":"pa_personalization-cases-without-logo-fr","67":"pa_personalization-fullsize-image-printing-fr","69":"first","70":"instock","71":"taxable","72":"shipping-taxable","73":"purchasable","74":"product-type-variable","75":"has-default-attributes","76":"rtwpvs-product"},"acf":[],"taxonomy_info":{"product_cat":[{"value":925,"label":"Apple\u2122"},{"value":3374,"label":"Galaxy S23"},{"value":3372,"label":"Galaxy S23+"},{"value":3380,"label":"Galaxy S24"},{"value":3378,"label":"Galaxy S24+"},{"value":3716,"label":"Galaxy S25"},{"value":3715,"label":"Galaxy S25+"},{"value":3865,"label":"Galaxy S26"},{"value":3864,"label":"Galaxy S26+"},{"value":1448,"label":"Google\u2122"},{"value":2924,"label":"iPhone 14"},{"value":2929,"label":"iPhone 14 plus"},{"value":2930,"label":"iPhone 14 pro"},{"value":2931,"label":"iPhone 14 pro max"},{"value":3210,"label":"iPhone 15"},{"value":3211,"label":"iPhone 15 plus"},{"value":3212,"label":"iPhone 15 pro"},{"value":3213,"label":"iPhone 15 pro max"},{"value":3469,"label":"iPhone 16"},{"value":3466,"label":"iPhone 16 plus"},{"value":3467,"label":"iPhone 16 pro"},{"value":3468,"label":"iPhone 16 pro max"},{"value":3783,"label":"iPhone 17"},{"value":3781,"label":"iPhone 17 pro"},{"value":3782,"label":"iPhone 17 pro max"},{"value":3784,"label":"iPhone air"},{"value":3863,"label":"Pixel 10\/10 pro (2025)"},{"value":3861,"label":"Pixel 8 (2023)"},{"value":3862,"label":"Pixel 9 (2024)"},{"value":1578,"label":"Samsung\u2122"}],"product_tag":[{"value":1554,"label":"en ext\u00e9rieur"},{"value":1689,"label":"portable"},{"value":3871,"label":"tough case"}],"pa_model":[{"value":3064,"label":"Galaxy S23"},{"value":3065,"label":"Galaxy S23+"},{"value":3279,"label":"Galaxy S24"},{"value":3278,"label":"Galaxy S24+"},{"value":3611,"label":"Galaxy S25"},{"value":3608,"label":"Galaxy S25+"},{"value":3874,"label":"Galaxy S26"},{"value":3873,"label":"Galaxy S26+"},{"value":3877,"label":"Google Pixel 10\/10 pro (2025)"},{"value":3875,"label":"Google Pixel 8 (2023)"},{"value":3876,"label":"Google Pixel 9 (2024)"},{"value":2916,"label":"iPhone 14"},{"value":2913,"label":"iPhone 14 plus"},{"value":2914,"label":"iPhone 14 pro"},{"value":2915,"label":"iPhone 14 pro max"},{"value":3145,"label":"iPhone 15"},{"value":3139,"label":"iPhone 15 plus"},{"value":3141,"label":"iPhone 15 pro"},{"value":3143,"label":"iPhone 15 pro max"},{"value":3479,"label":"iPhone 16"},{"value":3476,"label":"iPhone 16 plus"},{"value":3477,"label":"iPhone 16 pro"},{"value":3478,"label":"iPhone 16 pro max"},{"value":3800,"label":"iPhone 17"},{"value":3802,"label":"iPhone 17 pro"},{"value":3803,"label":"iPhone 17 pro max"},{"value":3796,"label":"iPhone air"}],"pa_personalization":[{"value":1537,"label":"Houses sans logo"},{"value":1535,"label":"Impression d&#039;images en taille r\u00e9elle"}]},"featured_image_src_large":["https:\/\/www.brandit-protection.com\/wp-content\/uploads\/Brand.it-Chameleon-Hard-Case-Phone-Protection-with-Logo-01-1024x1024.jpg",1024,1024,true],"author_info":[],"comment_info":"","_links":{"self":[{"href":"https:\/\/www.brandit-protection.com\/fr\/wp-json\/wp\/v2\/product\/183794","targetHints":{"allow":["GET"]}}],"collection":[{"href":"https:\/\/www.brandit-protection.com\/fr\/wp-json\/wp\/v2\/product"}],"about":[{"href":"https:\/\/www.brandit-protection.com\/fr\/wp-json\/wp\/v2\/types\/product"}],"wp:featuredmedia":[{"embeddable":true,"href":"https:\/\/www.brandit-protection.com\/fr\/wp-json\/wp\/v2\/media\/183726"}],"wp:attachment":[{"href":"https:\/\/www.brandit-protection.com\/fr\/wp-json\/wp\/v2\/media?parent=183794"}],"wp:term":[{"taxonomy":"product_brand","embeddable":true,"href":"https:\/\/www.brandit-protection.com\/fr\/wp-json\/wp\/v2\/product_brand?post=183794"},{"taxonomy":"product_cat","embeddable":true,"href":"https:\/\/www.brandit-protection.com\/fr\/wp-json\/wp\/v2\/product_cat?post=183794"},{"taxonomy":"product_tag","embeddable":true,"href":"https:\/\/www.brandit-protection.com\/fr\/wp-json\/wp\/v2\/product_tag?post=183794"},{"taxonomy":"product_faqs","embeddable":true,"href":"https:\/\/www.brandit-protection.com\/fr\/wp-json\/wp\/v2\/product_faqs?post=183794"}],"curies":[{"name":"wp","href":"https:\/\/api.w.org\/{rel}","templated":true}]}}